{"id":1879,"date":"2025-10-23T15:38:57","date_gmt":"2025-10-23T13:38:57","guid":{"rendered":"https:\/\/www.enzymel.cz\/erklaerung-zur-barrierefreiheit\/"},"modified":"2025-11-09T12:13:58","modified_gmt":"2025-11-09T11:13:58","slug":"erklaerung-zur-barrierefreiheit","status":"publish","type":"page","link":"https:\/\/www.enzymel.cz\/de\/erklaerung-zur-barrierefreiheit\/","title":{"rendered":"Erkl\u00e4rung zur Barrierefreiheit"},"content":{"rendered":"<p>[et_pb_section fb_built=&#8220;1&#8243; admin_label=&#8220;Features&#8220; _builder_version=&#8220;4.27.4&#8243; _module_preset=&#8220;default&#8220; background_color=&#8220;#f6f6f6&#8243; locked=&#8220;off&#8220; global_colors_info=&#8220;{}&#8220;][et_pb_row _builder_version=&#8220;4.18.0&#8243; _module_preset=&#8220;default&#8220; custom_padding=&#8220;||0px||false|false&#8220; global_colors_info=&#8220;{}&#8220;][et_pb_column type=&#8220;4_4&#8243; _builder_version=&#8220;4.16&#8243; _module_preset=&#8220;default&#8220; custom_padding=&#8220;||40px||false|false&#8220; global_colors_info=&#8220;{}&#8220;][et_pb_text _builder_version=&#8220;4.27.4&#8243; _module_preset=&#8220;default&#8220; text_text_color=&#8220;#000000&#8243; header_font=&#8220;|700|||||||&#8220; header_text_align=&#8220;center&#8220; header_text_color=&#8220;#000000&#8243; header_font_size=&#8220;40px&#8220; vertical_offset_tablet=&#8220;0&#8243; horizontal_offset_tablet=&#8220;0&#8243; text_orientation=&#8220;center&#8220; width_tablet=&#8220;&#8220; width_phone=&#8220;&#8220; width_last_edited=&#8220;on|phone&#8220; module_alignment=&#8220;center&#8220; custom_margin=&#8220;||-5px|||&#8220; header_font_size_tablet=&#8220;&#8220; header_font_size_phone=&#8220;30px&#8220; header_font_size_last_edited=&#8220;on|phone&#8220; z_index_tablet=&#8220;0&#8243; background_layout_tablet=&#8220;&#8220; background_layout_phone=&#8220;&#8220; background_layout_last_edited=&#8220;on|desktop&#8220; text_text_shadow_horizontal_length_tablet=&#8220;0px&#8220; text_text_shadow_vertical_length_tablet=&#8220;0px&#8220; text_text_shadow_blur_strength_tablet=&#8220;1px&#8220; link_text_shadow_horizontal_length_tablet=&#8220;0px&#8220; link_text_shadow_vertical_length_tablet=&#8220;0px&#8220; link_text_shadow_blur_strength_tablet=&#8220;1px&#8220; ul_text_shadow_horizontal_length_tablet=&#8220;0px&#8220; ul_text_shadow_vertical_length_tablet=&#8220;0px&#8220; ul_text_shadow_blur_strength_tablet=&#8220;1px&#8220; ol_text_shadow_horizontal_length_tablet=&#8220;0px&#8220; ol_text_shadow_vertical_length_tablet=&#8220;0px&#8220; ol_text_shadow_blur_strength_tablet=&#8220;1px&#8220; quote_text_shadow_horizontal_length_tablet=&#8220;0px&#8220; quote_text_shadow_vertical_length_tablet=&#8220;0px&#8220; quote_text_shadow_blur_strength_tablet=&#8220;1px&#8220; header_text_shadow_horizontal_length_tablet=&#8220;0px&#8220; header_text_shadow_vertical_length_tablet=&#8220;0px&#8220; header_text_shadow_blur_strength_tablet=&#8220;1px&#8220; header_2_text_shadow_horizontal_length_tablet=&#8220;0px&#8220; header_2_text_shadow_vertical_length_tablet=&#8220;0px&#8220; header_2_text_shadow_blur_strength_tablet=&#8220;1px&#8220; header_3_text_shadow_horizontal_length_tablet=&#8220;0px&#8220; header_3_text_shadow_vertical_length_tablet=&#8220;0px&#8220; header_3_text_shadow_blur_strength_tablet=&#8220;1px&#8220; header_4_text_shadow_horizontal_length_tablet=&#8220;0px&#8220; header_4_text_shadow_vertical_length_tablet=&#8220;0px&#8220; header_4_text_shadow_blur_strength_tablet=&#8220;1px&#8220; header_5_text_shadow_horizontal_length_tablet=&#8220;0px&#8220; header_5_text_shadow_vertical_length_tablet=&#8220;0px&#8220; header_5_text_shadow_blur_strength_tablet=&#8220;1px&#8220; header_6_text_shadow_horizontal_length_tablet=&#8220;0px&#8220; header_6_text_shadow_vertical_length_tablet=&#8220;0px&#8220; header_6_text_shadow_blur_strength_tablet=&#8220;1px&#8220; box_shadow_horizontal_tablet=&#8220;0px&#8220; box_shadow_vertical_tablet=&#8220;0px&#8220; box_shadow_blur_tablet=&#8220;40px&#8220; box_shadow_spread_tablet=&#8220;0px&#8220; global_colors_info=&#8220;{}&#8220;]<\/p>\n<h1>Erkl\u00e4rung zur Barrierefreiheit<\/h1>\n<p><strong>Website www.enzymel.cz<\/strong><\/p>\n<p>[\/et_pb_text][\/et_pb_column][\/et_pb_row][\/et_pb_section][et_pb_section fb_built=&#8220;1&#8243; admin_label=&#8220;Header&#8220; _builder_version=&#8220;4.18.1&#8243; _module_preset=&#8220;default&#8220; background_position=&#8220;top_center&#8220; overflow-x=&#8220;hidden&#8220; overflow-y=&#8220;hidden&#8220; custom_padding=&#8220;19px|||||&#8220; locked=&#8220;off&#8220; global_colors_info=&#8220;{}&#8220;][et_pb_row make_equal=&#8220;on&#8220; custom_padding_last_edited=&#8220;on|desktop&#8220; _builder_version=&#8220;4.24.3&#8243; _module_preset=&#8220;default&#8220; width_tablet=&#8220;&#8220; width_phone=&#8220;95%&#8220; width_last_edited=&#8220;on|desktop&#8220; custom_padding=&#8220;30px||30px||false|false&#8220; custom_padding_tablet=&#8220;30px||30px||false|false&#8220; custom_padding_phone=&#8220;0px||0px||false|false&#8220; global_colors_info=&#8220;{}&#8220;][et_pb_column type=&#8220;4_4&#8243; _builder_version=&#8220;4.19.1&#8243; _module_preset=&#8220;default&#8220; global_colors_info=&#8220;{}&#8220;][et_pb_text _builder_version=&#8220;4.27.4&#8243; _module_preset=&#8220;default&#8220; header_2_text_color=&#8220;#FFFFFF&#8220; header_2_font_size=&#8220;40px&#8220; header_3_font=&#8220;|600|||||||&#8220; header_3_text_color=&#8220;#d71920&#8243; header_3_line_height=&#8220;1.4em&#8220; width_tablet=&#8220;650px&#8220; width_phone=&#8220;320px&#8220; width_last_edited=&#8220;on|phone&#8220; module_alignment=&#8220;center&#8220; custom_margin=&#8220;||0px||false|false&#8220; custom_padding=&#8220;||0px|||&#8220; header_2_font_size_tablet=&#8220;40px&#8220; header_2_font_size_phone=&#8220;30px&#8220; header_2_font_size_last_edited=&#8220;on|phone&#8220; global_colors_info=&#8220;{}&#8220;]<\/p>\n<p>Letzte Aktualisierung: 1. Oktober 2025<\/p>\n<p>Die Firma Wald Pharmaceuticals s.r.o. verpflichtet sich, die maximale Barrierefreiheit ihrer Website gem\u00e4\u00df dem Gesetz Nr. 99\/2019 Sb. \u00fcber die Barrierefreiheit von Websites und mobilen Anwendungen sowie gem\u00e4\u00df den Normen auf der Grundlage der Richtlinien f\u00fcr die Barrierefreiheit von Webinhalten (Web Content Accessibility Guidelines \u2013 WCAG) 2.2, Stufe AA, sicherzustellen.<br \/>Unser Ziel ist es, Webinhalte bereitzustellen, die f\u00fcr alle Nutzer, einschlie\u00dflich Menschen mit Behinderungen, zug\u00e4nglich sind.<\/p>\n<p>1. Zustand \u00dcbereinstimmung<\/p>\n<p>Die Website www.enzymel.cz entspricht teilweise den Anforderungen der WCAG 2.2 auf Stufe AA. Das bedeutet, dass einige Teile des Inhalts m\u00f6glicherweise nicht vollst\u00e4ndig zug\u00e4nglich sind. <\/p>\n<p>2. Ma\u00dfnahmen zur F\u00f6rderung der Barrierefreiheit<\/p>\n<p>Um die Barrierefreiheit der Website zu gew\u00e4hrleisten, wenden wir folgende Ma\u00dfnahmen an:<\/p>\n<p>kontinuierliche Beseitigung von Barrieren in der Barrierefreiheit,<br \/>Testen ausgew\u00e4hlter Seiten unter Verwendung von assistiven Technologien,<br \/>regelm\u00e4\u00dfige Schulungen f\u00fcr Personen, die an der Verwaltung der Website beteiligt sind,<br \/>Zusammenarbeit mit Experten im Bereich der digitalen Barrierefreiheit.<br \/>3. Bekannte Einschr\u00e4nkungen<\/p>\n<p>Trotz unserer Bem\u00fchungen k\u00f6nnen auf der Website folgende M\u00e4ngel bestehen bleiben: Einige Dokumente im PDF-Format sind m\u00f6glicherweise nicht vollst\u00e4ndig zug\u00e4nglich (fehlende Struktur, alternative Texte), ein Teil der Video- und Audioinhalte verf\u00fcgt m\u00f6glicherweise nicht \u00fcber Untertitel oder Transkripte, einige Seiten weisen m\u00f6glicherweise einen unzureichenden Farbkontrast auf, in einigen F\u00e4llen entsprechen die \u00dcberschriften und die Struktur der Inhalte m\u00f6glicherweise nicht der richtigen Hierarchie, komplexere Tabellen verf\u00fcgen m\u00f6glicherweise nicht \u00fcber vollst\u00e4ndige Kopfzeilen und Bereichsattribute.<\/p>\n<p>Wir freuen uns \u00fcber jedes Feedback, das uns dabei hilft, diese M\u00e4ngel zu beheben.<\/p>\n<p>4. Kompatibilit\u00e4t mit Browsern und Technologien<\/p>\n<p>Die Website ist so gestaltet, dass sie mit g\u00e4ngigen assistiven Technologien (Bildschirmleseger\u00e4te, Vergr\u00f6\u00dferungssoftware) und modernen Browsern kompatibel ist. F\u00fcr eine optimale Benutzererfahrung empfehlen wir die Verwendung der aktuellen Versionen der Browser Chrome, Firefox, Safari oder Edge. <\/p>\n<p>5. Verfahren f\u00fcr die Einreichung von Anregungen und Anmerkungen.<\/p>\n<p>Wenn Sie bei der Nutzung der Website auf ein Problem hinsichtlich der Barrierefreiheit sto\u00dfen, kontaktieren Sie uns bitte per E-Mail unter: info@waldpharma.cz. Wir werden uns bem\u00fchen, unverz\u00fcglich auf Ihre Anregungen zu reagieren und eine geeignete L\u00f6sung zu finden. <\/p>\n<p>6. Verfahren zur Durchsetzung von Rechten<\/p>\n<p>Wenn Sie mit unserer L\u00f6sung nicht zufrieden sind, k\u00f6nnen Sie sich an folgende Stelle wenden:<\/p>\n<p>Ministerstvo vnitra \u010cR<br \/>odbor eGovernmentu<br \/>n\u00e1m\u011bst\u00ed Hrdin\u016f 1634\/3, 140 21 Praha 4<br \/>e-mail: posta@mvcr.cz<br \/>www.mvcr.cz<\/p>\n<p>[\/et_pb_text][\/et_pb_column][\/et_pb_row][\/et_pb_section][et_pb_section fb_built=&#8220;1&#8243; _builder_version=&#8220;4.27.4&#8243; _module_preset=&#8220;default&#8220; background_color=&#8220;#8f99a2&#8243; width_tablet=&#8220;&#8220; width_phone=&#8220;&#8220; width_last_edited=&#8220;on|phone&#8220; min_height=&#8220;370.2px&#8220; custom_margin=&#8220;0px||||false|false&#8220; custom_padding=&#8220;0px||40px||false|false&#8220; custom_css_main_element=&#8220;background-color:#F5F5F5!important;&#8220; saved_tabs=&#8220;all&#8220; global_colors_info=&#8220;{}&#8220; global_module=&#8220;24&#8243; theme_builder_area=&#8220;post_content&#8220;][et_pb_row column_structure=&#8220;1_3,1_3,1_3&#8243; use_custom_gutter=&#8220;on&#8220; _builder_version=&#8220;4.27.4&#8243; _module_preset=&#8220;default&#8220; width=&#8220;95%&#8220; width_tablet=&#8220;&#8220; width_phone=&#8220;90%&#8220; width_last_edited=&#8220;on|phone&#8220; global_colors_info=&#8220;{}&#8220; theme_builder_area=&#8220;post_content&#8220;][et_pb_column type=&#8220;1_3&#8243; _builder_version=&#8220;4.19.0&#8243; _module_preset=&#8220;default&#8220; custom_padding=&#8220;20px||||false|false&#8220; global_colors_info=&#8220;{}&#8220; theme_builder_area=&#8220;post_content&#8220;][et_pb_image src=&#8220;https:\/\/www.enzymel.cz\/wp-content\/uploads\/2022\/11\/LOGO_ENZYMEL.png&#8220; alt=&#8220;LOGO_ENZYMEL&#8220; _builder_version=&#8220;4.27.4&#8243; _module_preset=&#8220;default&#8220; filter_saturate=&#8220;0%&#8220; filter_contrast=&#8220;200%&#8220; filter_invert=&#8220;100%&#8220; global_colors_info=&#8220;{}&#8220; theme_builder_area=&#8220;post_content&#8220;][\/et_pb_image][\/et_pb_column][et_pb_column type=&#8220;1_3&#8243; _builder_version=&#8220;4.19.0&#8243; _module_preset=&#8220;default&#8220; custom_padding=&#8220;20px||||false|false&#8220; global_colors_info=&#8220;{}&#8220; theme_builder_area=&#8220;post_content&#8220;][\/et_pb_column][et_pb_column type=&#8220;1_3&#8243; _builder_version=&#8220;4.19.0&#8243; _module_preset=&#8220;default&#8220; custom_padding=&#8220;20px||||false|false&#8220; global_colors_info=&#8220;{}&#8220; theme_builder_area=&#8220;post_content&#8220;][\/et_pb_column][\/et_pb_row][et_pb_row column_structure=&#8220;1_3,1_3,1_3&#8243; _builder_version=&#8220;4.27.4&#8243; _module_preset=&#8220;default&#8220; width=&#8220;95%&#8220; width_tablet=&#8220;&#8220; width_phone=&#8220;90%&#8220; width_last_edited=&#8220;on|phone&#8220; global_colors_info=&#8220;{}&#8220; theme_builder_area=&#8220;post_content&#8220;][et_pb_column type=&#8220;1_3&#8243; _builder_version=&#8220;4.27.4&#8243; _module_preset=&#8220;default&#8220; global_colors_info=&#8220;{}&#8220; theme_builder_area=&#8220;post_content&#8220;][et_pb_text _builder_version=&#8220;4.27.4&#8243; _module_preset=&#8220;default&#8220; header_2_font=&#8220;|600|||||||&#8220; header_2_text_color=&#8220;#FFFFFF&#8220; custom_margin=&#8220;||10px||false|false&#8220; global_colors_info=&#8220;{}&#8220; theme_builder_area=&#8220;post_content&#8220;]<\/p>\n<h2>\u00dcber das Produkt<\/h2>\n<p>[\/et_pb_text][et_pb_text _builder_version=&#8220;4.27.4&#8243; _module_preset=&#8220;default&#8220; text_text_color=&#8220;#FFFFFF&#8220; custom_margin=&#8220;||-2px|||&#8220; custom_padding=&#8220;||8px|||&#8220; link_option_url=&#8220;https:\/\/www.enzymel.cz\/de\/wobei-hilft-enzymel\/&#8220; global_colors_info=&#8220;{}&#8220; theme_builder_area=&#8220;post_content&#8220;]<\/p>\n<p>Wobei ENZYMEL hilft<\/p>\n<p>[\/et_pb_text][et_pb_text _builder_version=&#8220;4.27.4&#8243; _module_preset=&#8220;default&#8220; text_text_color=&#8220;#FFFFFF&#8220; custom_margin=&#8220;||12px|||&#8220; link_option_url=&#8220;https:\/\/www.enzymel.cz\/de\/produkte\/&#8220; global_colors_info=&#8220;{}&#8220; theme_builder_area=&#8220;post_content&#8220;]<\/p>\n<p>Produkte<\/p>\n<p>[\/et_pb_text][et_pb_text _builder_version=&#8220;4.27.4&#8243; _module_preset=&#8220;default&#8220; text_text_color=&#8220;#FFFFFF&#8220; custom_margin=&#8220;||12px|||&#8220; link_option_url=&#8220;https:\/\/www.enzymel.cz\/de\/sie-fragen\/&#8220; global_colors_info=&#8220;{}&#8220; theme_builder_area=&#8220;post_content&#8220;]<\/p>\n<p>Sie fragen<\/p>\n<p>[\/et_pb_text][\/et_pb_column][et_pb_column type=&#8220;1_3&#8243; _builder_version=&#8220;4.27.4&#8243; _module_preset=&#8220;default&#8220; global_colors_info=&#8220;{}&#8220; theme_builder_area=&#8220;post_content&#8220;][et_pb_text _builder_version=&#8220;4.27.4&#8243; _module_preset=&#8220;default&#8220; header_2_font=&#8220;|600|||||||&#8220; header_2_text_color=&#8220;#FFFFFF&#8220; custom_margin=&#8220;||10px||false|false&#8220; global_colors_info=&#8220;{}&#8220; theme_builder_area=&#8220;post_content&#8220;]<\/p>\n<h2>\u00dcber uns<\/h2>\n<p>[\/et_pb_text][et_pb_text _builder_version=&#8220;4.27.4&#8243; _module_preset=&#8220;default&#8220; text_text_color=&#8220;#FFFFFF&#8220; custom_margin=&#8220;||12px|||&#8220; link_option_url=&#8220;https:\/\/www.enzymel.cz\/de\/ueber-uns\/&#8220; global_colors_info=&#8220;{}&#8220; theme_builder_area=&#8220;post_content&#8220;]<\/p>\n<p>Familienunternehmen<\/p>\n<p>[\/et_pb_text][et_pb_text _builder_version=&#8220;4.27.4&#8243; _module_preset=&#8220;default&#8220; text_text_color=&#8220;#FFFFFF&#8220; custom_margin=&#8220;||12px|||&#8220; link_option_url=&#8220;https:\/\/www.enzymel.cz\/de\/ueber-uns\/&#8220; global_colors_info=&#8220;{}&#8220; theme_builder_area=&#8220;post_content&#8220;]<\/p>\n<p><span style=\"color: #ffffff;\"><a href=\"https:\/\/www.dropzym.cz\/\" target=\"_blank\" rel=\"noopener\" style=\"color: #ffffff;\">DROPZYM <sup>\u00ae<\/sup><\/a><\/span><\/p>\n<p>[\/et_pb_text][et_pb_text _builder_version=&#8220;4.27.4&#8243; _module_preset=&#8220;default&#8220; text_text_color=&#8220;#FFFFFF&#8220; custom_margin=&#8220;||12px|||&#8220; link_option_url=&#8220;https:\/\/www.enzymel.cz\/de\/ueber-uns\/&#8220; global_colors_info=&#8220;{}&#8220; theme_builder_area=&#8220;post_content&#8220;]<\/p>\n<p><span style=\"color: #ffffff;\"><a href=\"https:\/\/www.venzymel.cz\/\" target=\"_blank\" rel=\"noopener\" style=\"color: #ffffff;\">VENZYMEL <sup>\u00ae<\/sup><\/a><\/span><\/p>\n<p>[\/et_pb_text][et_pb_text _builder_version=&#8220;4.27.4&#8243; _module_preset=&#8220;default&#8220; text_text_color=&#8220;#FFFFFF&#8220; custom_margin=&#8220;||12px|||&#8220; link_option_url=&#8220;https:\/\/www.enzymel.cz\/de\/ueber-uns\/&#8220; global_colors_info=&#8220;{}&#8220; theme_builder_area=&#8220;post_content&#8220;]<\/p>\n<p><span style=\"color: #ffffff;\"><a href=\"https:\/\/www.enzymyprozdravi.cz\/\" target=\"_blank\" rel=\"noopener\" style=\"color: #ffffff;\">E-Shop Enzyme f\u00fcr die Gesundheit<\/a><\/span><\/p>\n<p>[\/et_pb_text][\/et_pb_column][et_pb_column type=&#8220;1_3&#8243; _builder_version=&#8220;4.27.4&#8243; _module_preset=&#8220;default&#8220; global_colors_info=&#8220;{}&#8220; theme_builder_area=&#8220;post_content&#8220;][et_pb_text _builder_version=&#8220;4.27.4&#8243; _module_preset=&#8220;default&#8220; header_2_font=&#8220;|600|||||||&#8220; header_2_text_color=&#8220;#FFFFFF&#8220; custom_margin=&#8220;||10px||false|false&#8220; global_colors_info=&#8220;{}&#8220; theme_builder_area=&#8220;post_content&#8220;]<\/p>\n<h2>Kontaktieren Sie uns<\/h2>\n<p>[\/et_pb_text][et_pb_text _builder_version=&#8220;4.27.4&#8243; _module_preset=&#8220;default&#8220; text_text_color=&#8220;#FFFFFF&#8220; custom_margin=&#8220;||12px|||&#8220; link_option_url=&#8220;https:\/\/www.enzymel.cz\/de\/kontakt\/&#8220; global_colors_info=&#8220;{}&#8220; theme_builder_area=&#8220;post_content&#8220;]<\/p>\n<p>Kontakt<\/p>\n<p>[\/et_pb_text][et_pb_text _builder_version=&#8220;4.27.4&#8243; _module_preset=&#8220;default&#8220; text_text_color=&#8220;#FFFFFF&#8220; custom_margin=&#8220;||12px|||&#8220; link_option_url=&#8220;https:\/\/www.enzymel.cz\/de\/ueber-uns\/&#8220; global_colors_info=&#8220;{}&#8220; theme_builder_area=&#8220;post_content&#8220;]<\/p>\n<p>CookiesDatenschutz | Cookies<\/p>\n<p>[\/et_pb_text][et_pb_text _builder_version=&#8220;4.27.4&#8243; _module_preset=&#8220;default&#8220; text_text_color=&#8220;#FFFFFF&#8220; custom_margin=&#8220;||12px|||&#8220; link_option_url=&#8220;https:\/\/www.enzymel.cz\/de\/ueber-uns\/&#8220; global_colors_info=&#8220;{}&#8220; theme_builder_area=&#8220;post_content&#8220;]<\/p>\n<p><span style=\"color: #ffffff;\"><a href=\"https:\/\/www.enzymel.cz\/de\/erklaerung-zur-barrierefreiheit\/\" target=\"_blank\" rel=\"noopener\" style=\"color: #ffffff;\">Erkl\u00e4rung zur Barrierefreiheit<\/a><\/span><\/p>\n<p>[\/et_pb_text][et_pb_social_media_follow icon_color=&#8220;#FFFFFF&#8220; _builder_version=&#8220;4.27.4&#8243; _module_preset=&#8220;default&#8220; custom_margin=&#8220;||12px|||&#8220; global_colors_info=&#8220;{}&#8220; theme_builder_area=&#8220;post_content&#8220;][et_pb_social_media_follow_network social_network=&#8220;facebook&#8220; url=&#8220;https:\/\/www.facebook.com\/Enzymel.cz\/&#8220; _builder_version=&#8220;4.21.0&#8243; _module_preset=&#8220;default&#8220; background_enable_color=&#8220;off&#8220; global_colors_info=&#8220;{}&#8220; theme_builder_area=&#8220;post_content&#8220; follow_button=&#8220;off&#8220; url_new_window=&#8220;on&#8220;]facebook[\/et_pb_social_media_follow_network][et_pb_social_media_follow_network social_network=&#8220;instagram&#8220; url=&#8220;https:\/\/www.instagram.com\/enzymel.cz\/&#8220; _builder_version=&#8220;4.21.0&#8243; _module_preset=&#8220;default&#8220; global_colors_info=&#8220;{}&#8220; theme_builder_area=&#8220;post_content&#8220; follow_button=&#8220;off&#8220; url_new_window=&#8220;on&#8220;]instagram[\/et_pb_social_media_follow_network][\/et_pb_social_media_follow][\/et_pb_column][\/et_pb_row][\/et_pb_section]<\/p>\n","protected":false},"excerpt":{"rendered":"<p>Erkl\u00e4rung zur Barrierefreiheit Website www.enzymel.czLetzte Aktualisierung: 1. Oktober 2025 Die Firma Wald Pharmaceuticals s.r.o. verpflichtet sich, die maximale Barrierefreiheit ihrer Website gem\u00e4\u00df dem Gesetz Nr. 99\/2019 Sb. \u00fcber die Barrierefreiheit von Websites und mobilen Anwendungen sowie gem\u00e4\u00df den Normen auf der Grundlage der Richtlinien f\u00fcr die Barrierefreiheit von Webinhalten (Web Content Accessibility Guidelines \u2013 WCAG) [&hellip;]<\/p>\n","protected":false},"author":1,"featured_media":0,"parent":0,"menu_order":0,"comment_status":"closed","ping_status":"closed","template":"","meta":{"_et_pb_use_builder":"on","_et_pb_old_content":"","_et_gb_content_width":"","two_page_speed":[],"footnotes":""},"class_list":["post-1879","page","type-page","status-publish","hentry"],"_links":{"self":[{"href":"https:\/\/www.enzymel.cz\/de\/wp-json\/wp\/v2\/pages\/1879","targetHints":{"allow":["GET"]}}],"collection":[{"href":"https:\/\/www.enzymel.cz\/de\/wp-json\/wp\/v2\/pages"}],"about":[{"href":"https:\/\/www.enzymel.cz\/de\/wp-json\/wp\/v2\/types\/page"}],"author":[{"embeddable":true,"href":"https:\/\/www.enzymel.cz\/de\/wp-json\/wp\/v2\/users\/1"}],"replies":[{"embeddable":true,"href":"https:\/\/www.enzymel.cz\/de\/wp-json\/wp\/v2\/comments?post=1879"}],"version-history":[{"count":5,"href":"https:\/\/www.enzymel.cz\/de\/wp-json\/wp\/v2\/pages\/1879\/revisions"}],"predecessor-version":[{"id":1884,"href":"https:\/\/www.enzymel.cz\/de\/wp-json\/wp\/v2\/pages\/1879\/revisions\/1884"}],"wp:attachment":[{"href":"https:\/\/www.enzymel.cz\/de\/wp-json\/wp\/v2\/media?parent=1879"}],"curies":[{"name":"wp","href":"https:\/\/api.w.org\/{rel}","templated":true}]}}